{"id":735,"date":"2017-01-02T08:30:05","date_gmt":"2017-01-02T08:30:05","guid":{"rendered":"https:\/\/demo.themegrill.com\/flash-default-2\/?page_id=11"},"modified":"2023-07-21T01:18:49","modified_gmt":"2023-07-20T22:18:49","slug":"etkinlikler","status":"publish","type":"page","link":"https:\/\/subel.selcuk.edu.tr\/index.php\/etkinlikler\/","title":{"rendered":"Etkinlikler"},"content":{"rendered":"<ul>\n<li><strong>Davran\u0131\u015fsal ve Deneysel \u0130ktisatta G\u00fcncel Geli\u015fmeler \u00c7al\u0131\u015ftay\u0131<\/strong><\/li>\n<\/ul>\n<p>\u00c7al\u0131\u015ftay, D\u00fcnya\u2019da ve T\u00fcrkiye\u2019de akademik anlamda ya\u015fanan geli\u015fmeleri ele alarak, gen\u00e7 ara\u015ft\u0131rmac\u0131lar\u0131n \u00e7al\u0131\u015fmalar\u0131n\u0131n bu geli\u015fmelere uygun \u015fekilde ilerlemesine katk\u0131 sa\u011flamay\u0131 ama\u00e7lamaktad\u0131r. Alan\u0131n \u00f6nde gelen akademisyenlerinin davetli konu\u015fmac\u0131 olarak yer alaca\u011f\u0131 bu etkinlikte, gen\u00e7 ara\u015ft\u0131rmac\u0131lar\u0131n Davran\u0131\u015fsal ve Deneysel \u0130ktisat alan\u0131nda sunacaklar\u0131 \u00e7al\u0131\u015fmalar\u0131 bu kapsamda de\u011ferlendirilecektir.<\/p>\n<p>\u00c7al\u0131\u015ftay sayfas\u0131na gitmek i\u00e7in <a href=\"https:\/\/subel.selcuk.edu.tr\/index.php\/davranissal-_ve_deneysel_iktisatta_guncel_gelismeler_calistayi\/\">t\u0131klay\u0131n\u0131z<\/a>.<\/p>\n","protected":false},"excerpt":{"rendered":"<p>Davran\u0131\u015fsal ve Deneysel \u0130ktisatta G\u00fcncel Geli\u015fmeler \u00c7al\u0131\u015ftay\u0131 \u00c7al\u0131\u015ftay, D\u00fcnya\u2019da ve T\u00fcrkiye\u2019de akademik anlamda ya\u015fanan geli\u015fmeleri ele alarak, gen\u00e7 ara\u015ft\u0131rmac\u0131lar\u0131n \u00e7al\u0131\u015fmalar\u0131n\u0131n [&hellip;]<\/p>\n","protected":false},"author":1,"featured_media":820,"parent":0,"menu_order":0,"comment_status":"closed","ping_status":"closed","template":"page-templates\/full-width.php","meta":{"_uag_custom_page_level_css":"","footnotes":""},"class_list":["post-735","page","type-page","status-publish","has-post-thumbnail","hentry"],"aioseo_notices":[],"uagb_featured_image_src":{"full":["https:\/\/subel.selcuk.edu.tr\/wp-content\/uploads\/2023\/07\/Davranissal-ve-Deneysel-Iktisatta-Guncel-Gelismeler-Calistayi.jpg",4400,2475,false],"thumbnail":["https:\/\/subel.selcuk.edu.tr\/wp-content\/uploads\/2023\/07\/Davranissal-ve-Deneysel-Iktisatta-Guncel-Gelismeler-Calistayi.jpg",150,84,false],"medium":["https:\/\/subel.selcuk.edu.tr\/wp-content\/uploads\/2023\/07\/Davranissal-ve-Deneysel-Iktisatta-Guncel-Gelismeler-Calistayi.jpg",300,169,false],"medium_large":["https:\/\/subel.selcuk.edu.tr\/wp-content\/uploads\/2023\/07\/Davranissal-ve-Deneysel-Iktisatta-Guncel-Gelismeler-Calistayi.jpg",768,432,false],"large":["https:\/\/subel.selcuk.edu.tr\/wp-content\/uploads\/2023\/07\/Davranissal-ve-Deneysel-Iktisatta-Guncel-Gelismeler-Calistayi.jpg",1024,576,false],"1536x1536":["https:\/\/subel.selcuk.edu.tr\/wp-content\/uploads\/2023\/07\/Davranissal-ve-Deneysel-Iktisatta-Guncel-Gelismeler-Calistayi.jpg",1536,864,false],"2048x2048":["https:\/\/subel.selcuk.edu.tr\/wp-content\/uploads\/2023\/07\/Davranissal-ve-Deneysel-Iktisatta-Guncel-Gelismeler-Calistayi.jpg",2048,1152,false],"flash-square":["https:\/\/subel.selcuk.edu.tr\/wp-content\/uploads\/2023\/07\/Davranissal-ve-Deneysel-Iktisatta-Guncel-Gelismeler-Calistayi.jpg",300,169,false],"flash-big":["https:\/\/subel.selcuk.edu.tr\/wp-content\/uploads\/2023\/07\/Davranissal-ve-Deneysel-Iktisatta-Guncel-Gelismeler-Calistayi.jpg",711,400,false],"flash-grid":["https:\/\/subel.selcuk.edu.tr\/wp-content\/uploads\/2023\/07\/Davranissal-ve-Deneysel-Iktisatta-Guncel-Gelismeler-Calistayi.jpg",370,208,false]},"uagb_author_info":{"display_name":"bidb","author_link":"https:\/\/subel.selcuk.edu.tr\/index.php\/author\/bidb\/"},"uagb_comment_info":0,"uagb_excerpt":"Davran\u0131\u015fsal ve Deneysel \u0130ktisatta G\u00fcncel Geli\u015fmeler \u00c7al\u0131\u015ftay\u0131 \u00c7al\u0131\u015ftay, D\u00fcnya\u2019da ve T\u00fcrkiye\u2019de akademik anlamda ya\u015fanan geli\u015fmeleri ele alarak, gen\u00e7 ara\u015ft\u0131rmac\u0131lar\u0131n \u00e7al\u0131\u015fmalar\u0131n\u0131n [&hellip;]","_links":{"self":[{"href":"https:\/\/subel.selcuk.edu.tr\/index.php\/wp-json\/wp\/v2\/pages\/735","targetHints":{"allow":["GET"]}}],"collection":[{"href":"https:\/\/subel.selcuk.edu.tr\/index.php\/wp-json\/wp\/v2\/pages"}],"about":[{"href":"https:\/\/subel.selcuk.edu.tr\/index.php\/wp-json\/wp\/v2\/types\/page"}],"author":[{"embeddable":true,"href":"https:\/\/subel.selcuk.edu.tr\/index.php\/wp-json\/wp\/v2\/users\/1"}],"replies":[{"embeddable":true,"href":"https:\/\/subel.selcuk.edu.tr\/index.php\/wp-json\/wp\/v2\/comments?post=735"}],"version-history":[{"count":12,"href":"https:\/\/subel.selcuk.edu.tr\/index.php\/wp-json\/wp\/v2\/pages\/735\/revisions"}],"predecessor-version":[{"id":828,"href":"https:\/\/subel.selcuk.edu.tr\/index.php\/wp-json\/wp\/v2\/pages\/735\/revisions\/828"}],"wp:featuredmedia":[{"embeddable":true,"href":"https:\/\/subel.selcuk.edu.tr\/index.php\/wp-json\/wp\/v2\/media\/820"}],"wp:attachment":[{"href":"https:\/\/subel.selcuk.edu.tr\/index.php\/wp-json\/wp\/v2\/media?parent=735"}],"curies":[{"name":"wp","href":"https:\/\/api.w.org\/{rel}","templated":true}]}}