{"id":39,"date":"2017-01-02T09:40:51","date_gmt":"2017-01-02T09:40:51","guid":{"rendered":"https:\/\/demo.themegrill.com\/flash-default-2\/?page_id=39"},"modified":"2024-12-18T15:28:33","modified_gmt":"2024-12-18T12:28:33","slug":"ogrenciler","status":"publish","type":"page","link":"https:\/\/subel.selcuk.edu.tr\/index.php\/ogrenciler\/","title":{"rendered":"\u00d6\u011frenciler"},"content":{"rendered":"<ul>\n<li><strong>S\u00dcMEYYE NUR KARA<\/strong>&#8211; S\u00fcrd\u00fcr\u00fclebilir Pazarlamada Sorumlu \u00dcretim ve T\u00fcketim Temal\u0131 Reklamlar: Ku\u015faklar Aras\u0131 Kar\u015f\u0131la\u015ft\u0131rmal\u0131 Bir N\u00f6ropazarlama Ara\u015ft\u0131rmas\u0131 &#8211; Doktora Tezi (2024 Devam Ediyor)<\/li>\n<li><strong>ESRA TANHAN<\/strong> &#8211; Davran\u0131\u015fsal \u0130ktisat Ba\u011flam\u0131nda Ba\u011f\u0131\u015f Davran\u0131\u015flar\u0131n\u0131n \u0130ncelenmesi- Y\u00fcksek lisans Tezi(2022- Devam Ediyor)<\/li>\n<\/ul>\n","protected":false},"excerpt":{"rendered":"<p>S\u00dcMEYYE NUR KARA&#8211; S\u00fcrd\u00fcr\u00fclebilir Pazarlamada Sorumlu \u00dcretim ve T\u00fcketim Temal\u0131 Reklamlar: Ku\u015faklar Aras\u0131 Kar\u015f\u0131la\u015ft\u0131rmal\u0131 Bir N\u00f6ropazarlama Ara\u015ft\u0131rmas\u0131 &#8211; Doktora Tezi [&hellip;]<\/p>\n","protected":false},"author":1,"featured_media":0,"parent":0,"menu_order":0,"comment_status":"closed","ping_status":"closed","template":"","meta":{"_uag_custom_page_level_css":"","footnotes":""},"class_list":["post-39","page","type-page","status-publish","hentry"],"aioseo_notices":[],"uagb_featured_image_src":{"full":false,"thumbnail":false,"medium":false,"medium_large":false,"large":false,"1536x1536":false,"2048x2048":false,"flash-square":false,"flash-big":false,"flash-grid":false},"uagb_author_info":{"display_name":"bidb","author_link":"https:\/\/subel.selcuk.edu.tr\/index.php\/author\/bidb\/"},"uagb_comment_info":0,"uagb_excerpt":"S\u00dcMEYYE NUR KARA&#8211; S\u00fcrd\u00fcr\u00fclebilir Pazarlamada Sorumlu \u00dcretim ve T\u00fcketim Temal\u0131 Reklamlar: Ku\u015faklar Aras\u0131 Kar\u015f\u0131la\u015ft\u0131rmal\u0131 Bir N\u00f6ropazarlama Ara\u015ft\u0131rmas\u0131 &#8211; Doktora Tezi [&hellip;]","_links":{"self":[{"href":"https:\/\/subel.selcuk.edu.tr\/index.php\/wp-json\/wp\/v2\/pages\/39","targetHints":{"allow":["GET"]}}],"collection":[{"href":"https:\/\/subel.selcuk.edu.tr\/index.php\/wp-json\/wp\/v2\/pages"}],"about":[{"href":"https:\/\/subel.selcuk.edu.tr\/index.php\/wp-json\/wp\/v2\/types\/page"}],"author":[{"embeddable":true,"href":"https:\/\/subel.selcuk.edu.tr\/index.php\/wp-json\/wp\/v2\/users\/1"}],"replies":[{"embeddable":true,"href":"https:\/\/subel.selcuk.edu.tr\/index.php\/wp-json\/wp\/v2\/comments?post=39"}],"version-history":[{"count":5,"href":"https:\/\/subel.selcuk.edu.tr\/index.php\/wp-json\/wp\/v2\/pages\/39\/revisions"}],"predecessor-version":[{"id":1092,"href":"https:\/\/subel.selcuk.edu.tr\/index.php\/wp-json\/wp\/v2\/pages\/39\/revisions\/1092"}],"wp:attachment":[{"href":"https:\/\/subel.selcuk.edu.tr\/index.php\/wp-json\/wp\/v2\/media?parent=39"}],"curies":[{"name":"wp","href":"https:\/\/api.w.org\/{rel}","templated":true}]}}