{"id":24,"date":"2017-01-02T09:35:03","date_gmt":"2017-01-02T09:35:03","guid":{"rendered":"https:\/\/demo.themegrill.com\/flash-default-2\/?page_id=24"},"modified":"2025-12-08T18:29:28","modified_gmt":"2025-12-08T15:29:28","slug":"uyeler","status":"publish","type":"page","link":"https:\/\/subel.selcuk.edu.tr\/index.php\/uyeler\/","title":{"rendered":"\u00dcyeler"},"content":{"rendered":"<div id='gallery-1' class='gallery galleryid-24 gallery-columns-3 gallery-size-medium'><figure class='gallery-item'>\n\t\t\t<div class='gallery-icon portrait'>\n\t\t\t\t<a href='https:\/\/subel.selcuk.edu.tr\/wp-content\/uploads\/2024\/12\/indir.png'><img loading=\"lazy\" decoding=\"async\" width=\"251\" height=\"300\" src=\"https:\/\/subel.selcuk.edu.tr\/wp-content\/uploads\/2024\/12\/indir.png\" class=\"attachment-medium size-medium\" alt=\"dsdsdsdssd\" aria-describedby=\"gallery-1-1146\" \/><\/a>\n\t\t\t<\/div>\n\t\t\t\t<figcaption class='wp-caption-text gallery-caption' id='gallery-1-1146'>\n\t\t\t\tEsen \u015eAH\u0130N ( Dekan Yard\u0131mc\u0131s\u0131)\n\t\t\t\t<\/figcaption><\/figure><figure class='gallery-item'>\n\t\t\t<div class='gallery-icon portrait'>\n\t\t\t\t<a href='https:\/\/subel.selcuk.edu.tr\/wp-content\/uploads\/2025\/12\/Resim1-1.jpg'><img loading=\"lazy\" decoding=\"async\" width=\"253\" height=\"300\" src=\"https:\/\/subel.selcuk.edu.tr\/wp-content\/uploads\/2025\/12\/Resim1-1.jpg\" class=\"attachment-medium size-medium\" alt=\"\" aria-describedby=\"gallery-1-1230\" \/><\/a>\n\t\t\t<\/div>\n\t\t\t\t<figcaption class='wp-caption-text gallery-caption' id='gallery-1-1230'>\n\t\t\t\tMustafa TEK (Lab Sorumlusu)\n\t\t\t\t<\/figcaption><\/figure><figure class='gallery-item'>\n\t\t\t<div class='gallery-icon portrait'>\n\t\t\t\t<a href='https:\/\/subel.selcuk.edu.tr\/wp-content\/uploads\/2025\/11\/aysen.png'><img loading=\"lazy\" decoding=\"async\" width=\"251\" height=\"300\" src=\"https:\/\/subel.selcuk.edu.tr\/wp-content\/uploads\/2025\/11\/aysen.png\" class=\"attachment-medium size-medium\" alt=\"\" aria-describedby=\"gallery-1-1188\" \/><\/a>\n\t\t\t<\/div>\n\t\t\t\t<figcaption class='wp-caption-text gallery-caption' id='gallery-1-1188'>\n\t\t\t\tAy\u015fen ED\u0130RNEL\u0130G\u0130L (Lab Sorumlusu)\n\t\t\t\t<\/figcaption><\/figure><figure class='gallery-item'>\n\t\t\t<div class='gallery-icon portrait'>\n\t\t\t\t<a href='https:\/\/subel.selcuk.edu.tr\/wp-content\/uploads\/2025\/12\/Resim2.jpg'><img loading=\"lazy\" decoding=\"async\" width=\"261\" height=\"300\" src=\"https:\/\/subel.selcuk.edu.tr\/wp-content\/uploads\/2025\/12\/Resim2.jpg\" class=\"attachment-medium size-medium\" alt=\"\" aria-describedby=\"gallery-1-1198\" \/><\/a>\n\t\t\t<\/div>\n\t\t\t\t<figcaption class='wp-caption-text gallery-caption' id='gallery-1-1198'>\n\t\t\t\tBuse G\u00fcl UYAR( Bilgisayar M\u00fchendisi)\n\t\t\t\t<\/figcaption><\/figure><figure class='gallery-item'>\n\t\t\t<div class='gallery-icon portrait'>\n\t\t\t\t<a href='https:\/\/subel.selcuk.edu.tr\/wp-content\/uploads\/2025\/11\/hale.jpg'><img loading=\"lazy\" decoding=\"async\" width=\"261\" height=\"300\" src=\"https:\/\/subel.selcuk.edu.tr\/wp-content\/uploads\/2025\/11\/hale.jpg\" class=\"attachment-medium size-medium\" alt=\"\" aria-describedby=\"gallery-1-1189\" \/><\/a>\n\t\t\t<\/div>\n\t\t\t\t<figcaption class='wp-caption-text gallery-caption' id='gallery-1-1189'>\n\t\t\t\tHalenur B\u00dcY\u00dcKARSLAN (Bilgisayar M\u00fchendisi)\n\t\t\t\t<\/figcaption><\/figure><figure class='gallery-item'>\n\t\t\t<div class='gallery-icon portrait'>\n\t\t\t\t<a href='https:\/\/subel.selcuk.edu.tr\/wp-content\/uploads\/2025\/12\/Resim5.png'><img loading=\"lazy\" decoding=\"async\" width=\"256\" height=\"300\" src=\"https:\/\/subel.selcuk.edu.tr\/wp-content\/uploads\/2025\/12\/Resim5.png\" class=\"attachment-medium size-medium\" alt=\"\" aria-describedby=\"gallery-1-1205\" \/><\/a>\n\t\t\t<\/div>\n\t\t\t\t<figcaption class='wp-caption-text gallery-caption' id='gallery-1-1205'>\n\t\t\t\tYi\u011fit Eren \u00d6ZTA\u015e  (Bilgisayar M\u00fchendisi)\n\t\t\t\t<\/figcaption><\/figure><figure class='gallery-item'>\n\t\t\t<div class='gallery-icon portrait'>\n\t\t\t\t<a href='https:\/\/subel.selcuk.edu.tr\/wp-content\/uploads\/2025\/11\/eenes_subel.png'><img loading=\"lazy\" decoding=\"async\" width=\"249\" height=\"300\" src=\"https:\/\/subel.selcuk.edu.tr\/wp-content\/uploads\/2025\/11\/eenes_subel.png\" class=\"attachment-medium size-medium\" alt=\"\" aria-describedby=\"gallery-1-1180\" \/><\/a>\n\t\t\t<\/div>\n\t\t\t\t<figcaption class='wp-caption-text gallery-caption' id='gallery-1-1180'>\n\t\t\t\tEnes I\u015eIK  (Bilgisayar M\u00fchendisi) \n\t\t\t\t<\/figcaption><\/figure>\n\t\t<\/div>\n\n","protected":false},"excerpt":{"rendered":"","protected":false},"author":1,"featured_media":0,"parent":0,"menu_order":0,"comment_status":"closed","ping_status":"closed","template":"page-templates\/pagebuilder.php","meta":{"_uag_custom_page_level_css":"","footnotes":""},"class_list":["post-24","page","type-page","status-publish","hentry"],"aioseo_notices":[],"uagb_featured_image_src":{"full":false,"thumbnail":false,"medium":false,"medium_large":false,"large":false,"1536x1536":false,"2048x2048":false,"flash-square":false,"flash-big":false,"flash-grid":false},"uagb_author_info":{"display_name":"bidb","author_link":"https:\/\/subel.selcuk.edu.tr\/index.php\/author\/bidb\/"},"uagb_comment_info":0,"uagb_excerpt":null,"_links":{"self":[{"href":"https:\/\/subel.selcuk.edu.tr\/index.php\/wp-json\/wp\/v2\/pages\/24","targetHints":{"allow":["GET"]}}],"collection":[{"href":"https:\/\/subel.selcuk.edu.tr\/index.php\/wp-json\/wp\/v2\/pages"}],"about":[{"href":"https:\/\/subel.selcuk.edu.tr\/index.php\/wp-json\/wp\/v2\/types\/page"}],"author":[{"embeddable":true,"href":"https:\/\/subel.selcuk.edu.tr\/index.php\/wp-json\/wp\/v2\/users\/1"}],"replies":[{"embeddable":true,"href":"https:\/\/subel.selcuk.edu.tr\/index.php\/wp-json\/wp\/v2\/comments?post=24"}],"version-history":[{"count":48,"href":"https:\/\/subel.selcuk.edu.tr\/index.php\/wp-json\/wp\/v2\/pages\/24\/revisions"}],"predecessor-version":[{"id":1231,"href":"https:\/\/subel.selcuk.edu.tr\/index.php\/wp-json\/wp\/v2\/pages\/24\/revisions\/1231"}],"wp:attachment":[{"href":"https:\/\/subel.selcuk.edu.tr\/index.php\/wp-json\/wp\/v2\/media?parent=24"}],"curies":[{"name":"wp","href":"https:\/\/api.w.org\/{rel}","templated":true}]}}