{"id":23,"date":"2017-01-02T09:38:20","date_gmt":"2017-01-02T09:38:20","guid":{"rendered":"https:\/\/demo.themegrill.com\/flash-default-2\/?page_id=23"},"modified":"2025-12-12T16:25:35","modified_gmt":"2025-12-12T13:25:35","slug":"bizkimiz","status":"publish","type":"page","link":"https:\/\/subel.selcuk.edu.tr\/index.php\/bizkimiz\/","title":{"rendered":"Biz Kimiz?"},"content":{"rendered":"\n<p><\/p>\n\n\n\n<p class=\"has-white-background-color has-background\"><\/p>\n\n\n\n<div data-aos= \"fade-up\" data-aos-duration=\"400\" data-aos-delay=\"0\" data-aos-easing=\"ease\" data-aos-once=\"true\" class=\"wp-block-uagb-container uagb-layout-flex uagb-block-57b698c3 alignfull uagb-is-root-container\"><div class=\"uagb-container-inner-blocks-wrap\">\n<p class=\"has-small-font-size\">Sel\u00e7uk \u00dcniversitesi Davran\u0131\u015fsal ve Deneysel Ara\u015ft\u0131rmalar Laboratuvar\u0131 (SUBEL), 2022 y\u0131l\u0131nda Sel\u00e7uk \u00dcniversitesi Bilimsel Ara\u015ft\u0131rma Projeleri Koordinat\u00f6rl\u00fc\u011f\u00fc taraf\u0131ndan desteklenen bir altyap\u0131 projesi ile \u0130\u0130BF binas\u0131nda kurulmu\u015ftur<\/p>\n\n\n\n<p class=\"has-small-font-size\">SUBEL, iktisat teorisinin \u00f6ng\u00f6r\u00fclerini s\u0131namak, insanlar\u0131n bireysel ve ortakla\u015fa karar verirken iktisadi ortamlara g\u00f6re \u015fekillenen davran\u0131\u015f bi\u00e7imlerini ara\u015ft\u0131rmak ve iktisadi kurumlar\u0131n tasar\u0131m\u0131na rehberlik edecek deneysel ara\u015ft\u0131rmalar yapmak i\u00e7in kurulmu\u015ftur. Ayr\u0131ca, k\u0131sa\/uzun d\u00f6nem dersler ve seminerlerle deneysel iktisat\u0131n lisans ve lisans\u00fcst\u00fc d\u00fczeyde \u00f6\u011fretilmesi, genel iktisat \u00f6\u011fretimini destekleyici deneysel metodlar\u0131n kullan\u0131m\u0131n\u0131n tan\u0131t\u0131lmas\u0131 ama\u00e7lanmaktad\u0131r. \u0130lerleyen zamanlarda Laboratuvar\u0131n i\u00e7erdi\u011fi makine ve te\u00e7hizat\u0131n n\u00f6roekonomi, n\u00f6ropazarlama ve davran\u0131\u015fsal finans vb. alanlarda deney yapmaya uygun \u015fekilde geni\u015fletilmesi hedeflenmektedir.<\/p>\n<\/div><\/div>\n\n\n      \n\t\t\t<div class=\"uagb-icon-wrapper uagb-block-b410de08      \"\n\t\t\tstyle=\"\" >\n\t\t\t\t\t\t\t\t\t<span class=\"uagb-svg-wrapper\" \n\t\t\t\t\t aria-label=\"circle-check\"\t\t\t\t\ttabindex=\"0\">\t\t\n\t\t\t\t\t\t\t\t\t\t<svg xmlns=\"https:\/\/www.w3.org\/2000\/svg\" viewBox= \"0 0 512 512\" role=\"graphics-symbol\" aria-hidden=\"false\" aria-label=\"\"><path d=\"M0 256C0 114.6 114.6 0 256 0C397.4 0 512 114.6 512 256C512 397.4 397.4 512 256 512C114.6 512 0 397.4 0 256zM371.8 211.8C382.7 200.9 382.7 183.1 371.8 172.2C360.9 161.3 343.1 161.3 332.2 172.2L224 280.4L179.8 236.2C168.9 225.3 151.1 225.3 140.2 236.2C129.3 247.1 129.3 264.9 140.2 275.8L204.2 339.8C215.1 350.7 232.9 350.7 243.8 339.8L371.8 211.8z\"><\/path><\/svg>\n\t\t\t\t\t\t\t\t\t<\/span>\n\t\t\t\t\t\t\t<\/div>\n\t\t\t\n\n\n<p><\/p>\n","protected":false},"excerpt":{"rendered":"<p>Sel\u00e7uk \u00dcniversitesi Davran\u0131\u015fsal ve Deneysel Ara\u015ft\u0131rmalar Laboratuvar\u0131 (SUBEL), 2022 y\u0131l\u0131nda Sel\u00e7uk \u00dcniversitesi Bilimsel Ara\u015ft\u0131rma Projeleri Koordinat\u00f6rl\u00fc\u011f\u00fc taraf\u0131ndan desteklenen bir altyap\u0131 [&hellip;]<\/p>\n","protected":false},"author":1,"featured_media":0,"parent":0,"menu_order":0,"comment_status":"closed","ping_status":"closed","template":"","meta":{"_uag_custom_page_level_css":"","footnotes":""},"class_list":["post-23","page","type-page","status-publish","hentry"],"aioseo_notices":[],"uagb_featured_image_src":{"full":false,"thumbnail":false,"medium":false,"medium_large":false,"large":false,"1536x1536":false,"2048x2048":false,"flash-square":false,"flash-big":false,"flash-grid":false},"uagb_author_info":{"display_name":"bidb","author_link":"https:\/\/subel.selcuk.edu.tr\/index.php\/author\/bidb\/"},"uagb_comment_info":0,"uagb_excerpt":"Sel\u00e7uk \u00dcniversitesi Davran\u0131\u015fsal ve Deneysel Ara\u015ft\u0131rmalar Laboratuvar\u0131 (SUBEL), 2022 y\u0131l\u0131nda Sel\u00e7uk \u00dcniversitesi Bilimsel Ara\u015ft\u0131rma Projeleri Koordinat\u00f6rl\u00fc\u011f\u00fc taraf\u0131ndan desteklenen bir altyap\u0131 [&hellip;]","_links":{"self":[{"href":"https:\/\/subel.selcuk.edu.tr\/index.php\/wp-json\/wp\/v2\/pages\/23","targetHints":{"allow":["GET"]}}],"collection":[{"href":"https:\/\/subel.selcuk.edu.tr\/index.php\/wp-json\/wp\/v2\/pages"}],"about":[{"href":"https:\/\/subel.selcuk.edu.tr\/index.php\/wp-json\/wp\/v2\/types\/page"}],"author":[{"embeddable":true,"href":"https:\/\/subel.selcuk.edu.tr\/index.php\/wp-json\/wp\/v2\/users\/1"}],"replies":[{"embeddable":true,"href":"https:\/\/subel.selcuk.edu.tr\/index.php\/wp-json\/wp\/v2\/comments?post=23"}],"version-history":[{"count":20,"href":"https:\/\/subel.selcuk.edu.tr\/index.php\/wp-json\/wp\/v2\/pages\/23\/revisions"}],"predecessor-version":[{"id":1260,"href":"https:\/\/subel.selcuk.edu.tr\/index.php\/wp-json\/wp\/v2\/pages\/23\/revisions\/1260"}],"wp:attachment":[{"href":"https:\/\/subel.selcuk.edu.tr\/index.php\/wp-json\/wp\/v2\/media?parent=23"}],"curies":[{"name":"wp","href":"https:\/\/api.w.org\/{rel}","templated":true}]}}