{"id":211,"date":"2017-01-11T09:08:48","date_gmt":"2017-01-11T09:08:48","guid":{"rendered":"https:\/\/demo.themegrill.com\/flash-default-2\/checkout\/"},"modified":"2024-12-25T11:32:48","modified_gmt":"2024-12-25T08:32:48","slug":"labkural","status":"publish","type":"page","link":"https:\/\/subel.selcuk.edu.tr\/index.php\/labkural\/","title":{"rendered":"Lab Kurallar\u0131"},"content":{"rendered":"<h1 style=\"text-align: center;\"><strong>LABORATUVAR KURALLARI<\/strong><\/h1>\n<h2 style=\"text-align: center;\"><strong>Ara\u015ft\u0131rmac\u0131 \u0130\u00e7in Genel Kurallar<\/strong><\/h2>\n<p>&nbsp;<\/p>\n<p><strong>Genel kurallar<\/strong><\/p>\n<p>-Laboratuvar\u0131 kullanan t\u00fcm ara\u015ft\u0131rmac\u0131lar, deneysel iktisat\u00e7\u0131lar taraf\u0131ndan yayg\u0131n olarak kabul edilen \u201ckat\u0131l\u0131mc\u0131lar\u0131n kand\u0131r\u0131lmamas\u0131\u201d (deception) ilkesine uymay\u0131 kabul eder (bkz. Friedman ve Sunder, 1994). Bu ilkelerden sapmalar t\u00fcm deneysel verilerin g\u00fcvenilirli\u011fini tehlikeye atmaktad\u0131r ve bu nedenle bunlara izin verilmemektedir. Bu kural, Sel\u00e7uk \u00dcniversitesi\u2019nin denek havuzunu kullanarak yap\u0131lan t\u00fcm deneyler i\u00e7in ge\u00e7erlidir.<\/p>\n<p>-Ara\u015ft\u0131rmac\u0131, deneyden sonra, KVKK ve etik kurallar uyar\u0131nca deneye kat\u0131lanlardan ki\u015fisel bilgilerini almayaca\u011f\u0131n\u0131 kabul eder.<\/p>\n<p>-G\u00f6n\u00fcll\u00fc veri taban\u0131n\u0131 veya laboratuvar olanaklar\u0131n\u0131 kullanan t\u00fcm ara\u015ft\u0131rmac\u0131lar, laboratuvar\u0131n kat\u0131l\u0131mc\u0131larla ilgili itibar\u0131n\u0131 korumay\u0131 kabul eder. Ayr\u0131ca laboratuvar\u0131n ve ba\u011fl\u0131 kurumlar\u0131n itibar\u0131n\u0131 genel kamuoyu nezdinde korumay\u0131 da kabul ederler. Ara\u015ft\u0131rmac\u0131n\u0131n bu konuda bir belirsizli\u011fi varsa, konuyu laboratuvar y\u00f6netimi ve etik kurul ile g\u00f6r\u00fc\u015fmelidir. Sel\u00e7uk \u00dcniversitesi \u00e7al\u0131\u015fanlar\u0131 Sel\u00e7uk \u00dcniversitesi&#8217;nin etik kuruluna ba\u015fvurma imk\u00e2n\u0131na sahiptir.<\/p>\n<p>&#8211; Deneylerin zaman\u0131nda ba\u015flamas\u0131 ve zaman\u0131nda bitirilmesi gerekmektedir.<\/p>\n<p>&#8211; Kat\u0131l\u0131mc\u0131lar\u0131n davet edildi\u011fi, ilan edilmi\u015f deneyler iptal edilmemeli veya ilan edilen zaman\/mek\u00e2n de\u011fi\u015ftirilmemelidir.<\/p>\n<p>&#8211; Ara\u015ft\u0131rmac\u0131lar\u0131n, laboratuvar asistanlar\u0131ndan bir deneyi duyurmalar\u0131n\u0131 ve denekleri davet etmelerini istemeden \u00f6nce yaz\u0131l\u0131m kodunu ve di\u011fer prosed\u00fcrleri test etmeleri tavsiye edilir. Ara\u015ft\u0131rmac\u0131lar, laboratuvar asistanlardan denekleri deneye almas\u0131n\u0131 talep etmeden \u00f6nce m\u00fcmk\u00fcn olan t\u00fcm \u00f6zeni g\u00f6stermelidir (\u00f6rne\u011fin, pilot uygulamalar ger\u00e7ekle\u015ftirmelidir).<\/p>\n<p>&#8211; Rezervasyon formunun ve talimatlar\u0131n planlanan deney tarihinden en az 1 hafta \u00f6nce <a href=\"mailto:subel@selcuk.edu.tr\">subel@selcuk.edu.tr<\/a> adresine g\u00f6nderilmesi ve laboratuvar y\u00f6netiminden onay al\u0131nmas\u0131 gerekmektedir.<\/p>\n<p>-T\u00fcm deneylerin SUBEL veri koruma formunu i\u00e7ermesi gerekmektedir. L\u00fctfen bu formu deney kodunuza ekleyin veya kat\u0131l\u0131mc\u0131lara yaz\u0131l\u0131 olarak iletin. Sorular\u0131n\u0131z i\u00e7in l\u00fctfen SUBEL sorumlular\u0131 ile ileti\u015fime ge\u00e7in: <a href=\"mailto:mtek@selcuk.edu.tr\">mtek@selcuk.edu.tr<\/a> <a href=\"mailto:aysenkoroglu@selcuk.edu.tr\">aysenkoroglu@selcuk.edu.tr<\/a> <a href=\"mailto:eboztas@selcuk.edu.tr\">eboztas@selcuk.edu.tr<\/a><\/p>\n<p>-Genellikle, deneyin organizasyonel ayr\u0131nt\u0131lar\u0131ndan ve prosed\u00fcrlerinden sorumlu bir laboratuvar asistan\u0131 olacakt\u0131r. Ara\u015ft\u0131rmac\u0131 ayr\u0131ca laboratuvar asistan\u0131na deneyin k\u0131sa bir tan\u0131m\u0131n\u0131 ve deney talimatlar\u0131n\u0131 da vermelidir. Bu bilgiler, laboratuvar\u0131n ve kat\u0131l\u0131mc\u0131lar\u0131n deney ge\u00e7mi\u015fini takip etmek i\u00e7in kullan\u0131l\u0131r.<\/p>\n<p>-Laboratuvar\u0131 rezerve etmek i\u00e7in ara\u015ft\u0131rmac\u0131, bir deneyi y\u00fcr\u00fctmek i\u00e7in gereken tam s\u00fcreyi iyi bir \u015fekilde tahmin etmelidir (bu nedenle pilot \u00e7al\u0131\u015fmalar yap\u0131lmas\u0131 tavsiye edilir). Planlanan bir oturumun minimum s\u00fcresi 30 dakika olmal\u0131d\u0131r (oturum daha k\u0131sa ise, deneklere 30 dakika telafi edilmelidir).<\/p>\n<p>-\u0130ki oturum aras\u0131nda bir ara verilmesi tavsiye edilir. Bu, daha \u00f6nce bir deneye kat\u0131lm\u0131\u015f olan kat\u0131l\u0131mc\u0131lar ile bir sonraki oturum i\u00e7in d\u0131\u015far\u0131da bekleyen di\u011fer kat\u0131l\u0131mc\u0131lar aras\u0131ndaki etkile\u015fimi \u00f6nler.<\/p>\n<p>-G\u00f6n\u00fcll\u00fc veritaban\u0131m\u0131z\u0131 kullanan ara\u015ft\u0131rmac\u0131lar, deneklerin ORSEE kullan\u0131larak deneye al\u0131nd\u0131\u011f\u0131n\u0131 uygun \u015fekilde belirtmelidir. ORSEE bir at\u0131f yaz\u0131l\u0131m\u0131d\u0131r, yani bu yaz\u0131l\u0131m kullan\u0131larak elde edilen sonu\u00e7lar\u0131n herhangi bir akademik raporu, yay\u0131n\u0131 veya di\u011fer akademik a\u00e7\u0131klamalar\u0131 a\u015fa\u011f\u0131daki yay\u0131na at\u0131fta bulunmak zorundad\u0131r:<\/p>\n<p><strong>Greiner, Ben<\/strong>. 2015. Subject Pool Recruitment Procedures: Organizing Experiments with ORSEE, <em>Journal of the Economic Science Association<\/em>, 1(1): 114\u2013125.<\/p>\n<p>-Deney z-Tree veya oTree kullan\u0131larak ger\u00e7ekle\u015ftirilmi\u015fse, ara\u015ft\u0131rmac\u0131 akademik yay\u0131nda kullan\u0131m\u0131n\u0131 belirtmeli ve a\u015fa\u011f\u0131daki yay\u0131na at\u0131fta bulunmal\u0131d\u0131r:<\/p>\n<p><strong>Fischbacher, Urs<\/strong>. 2007. z-Tree: Zurich Toolbox for Ready-Made Economic Experiments. <em>Experimental Economics<\/em>, 10(2): 171\u2013178.<\/p>\n<p><strong>Daniel L. Chen, Martin Schonger, Chris Wickens<\/strong>. 2016. oTree \u2013 An Open-source Platform for Laboratory, Online, and Field Experiments. Journal of Behavioral and Experimental Finance, 9: 88\u201397.<\/p>\n<p><strong>Deneye kat\u0131lanlar (\u00f6\u011frenciler) i\u00e7in \u00f6deme yap\u0131lmas\u0131<\/strong><\/p>\n<p>-Deneye kat\u0131lan \u00f6\u011frencilere 1 saat s\u00fcren bir deney i\u00e7in en az bir saatlik asgari \u00fccret kadar (yakla\u015f\u0131k 100 TL) kat\u0131l\u0131m \u00fccreti verilmesi tavsiye edilir.<\/p>\n<p>-E\u011fer deney teknik aksakl\u0131klar nedeniyle sonland\u0131r\u0131lmak zorunda kal\u0131rsa, kat\u0131l\u0131mc\u0131lara minimum \u00fccretleri \u00f6denmelidir.<\/p>\n<p>-\u00d6\u011frencilere makul bir miktar kazanma imkan\u0131 vermek, itibar kayg\u0131lar\u0131 a\u00e7\u0131s\u0131ndan \u00f6nemlidir ve muhtemelen olumlu yay\u0131lma etkileri yaratarak deneye kat\u0131l\u0131m\u0131 artt\u0131r\u0131r.<\/p>\n<p><strong>Talimatlar<\/strong><\/p>\n<p>-Talimatlar, \u00f6\u011frencilerin g\u00f6revleri ve \u00f6demeleri ile ilgili t\u00fcm gerekli ve ilgili bilgileri k\u0131sa ve net bir \u015fekilde sa\u011flamal\u0131d\u0131r. Kat\u0131l\u0131mc\u0131lar\u0131n anlad\u0131\u011f\u0131n\u0131 kontrol etmek i\u00e7in sonunda bir testin yer almas\u0131 da tavsiye edilir. Ayr\u0131ca, talimatlar a\u015fa\u011f\u0131daki paragraf\u0131 i\u00e7ermelidir.<\/p>\n<p><strong><em>Deneyimize ho\u015f geldiniz!<\/em><\/strong><\/p>\n<p><em>Deney s\u0131ras\u0131nda elektronik cihaz kullanman\u0131za veya di\u011fer kat\u0131l\u0131mc\u0131larla ileti\u015fim kurman\u0131za izin verilmez. L\u00fctfen sadece deney i\u00e7in tasarlanm\u0131\u015f programlar\u0131 ve i\u015flevleri kullan\u0131n. L\u00fctfen di\u011fer kat\u0131l\u0131mc\u0131larla konu\u015fmay\u0131n. E\u011fer bir sorunuz varsa, l\u00fctfen elinizi kald\u0131r\u0131n. Daha sonra yan\u0131n\u0131za gelip sorunuzu sessizlik i\u00e7inde yan\u0131tlayaca\u011f\u0131z. L\u00fctfen sorular\u0131n\u0131z\u0131 y\u00fcksek sesle sormay\u0131n. Soru t\u00fcm kat\u0131l\u0131mc\u0131lar\u0131 ilgilendiriyorsa, y\u00fcksek sesle tekrarlay\u0131p cevaplayaca\u011f\u0131z. Bu kurallar\u0131 ihlal ederseniz, sizi deneyden ve \u00f6demeden \u00e7\u0131karmam\u0131z gerekecektir.<\/em><\/p>\n<p>Ara\u015ft\u0131rman\u0131n finansman\u0131n\u0131 kimin sa\u011flad\u0131\u011f\u0131n\u0131 ve muhtemelen \u00e7al\u0131\u015fman\u0131n amac\u0131 hakk\u0131nda k\u0131sa, \u00e7ok genel bir a\u00e7\u0131klama yapmak da yararl\u0131 olabilir. Olas\u0131 bir \u00f6rnek \u015f\u00f6yledir:<\/p>\n<p><em>Kat\u0131lmak \u00fczere oldu\u011funuz deney, [Finansman kurulu\u015fu] taraf\u0131ndan finanse edilen bir projenin par\u00e7as\u0131d\u0131r. Ekonomik karar verme davran\u0131\u015f\u0131n\u0131 analiz etmek i\u00e7in kullan\u0131l\u0131r.<\/em><\/p>\n<p><strong>\u00a0<\/strong><\/p>\n<p><strong>Kontrol Listesi<\/strong><\/p>\n<ul>\n<li>Rezervasyon formunu ve talimatlar\u0131 en az 1 hafta \u00f6nceden g\u00f6nderin.<\/li>\n<li>Minimum ve ortalama \u00f6demelerin laboratuvar kurallar\u0131na uygun oldu\u011funu kontrol edin.<\/li>\n<li>Herhangi bir aldatma olup olmad\u0131\u011f\u0131n\u0131 kontrol edin.<\/li>\n<li>Onay formunu kodda veya k\u00e2\u011f\u0131t \u00fczerinde haz\u0131rlad\u0131\u011f\u0131n\u0131zdan emin olun.<\/li>\n<\/ul>\n","protected":false},"excerpt":{"rendered":"<p>LABORATUVAR KURALLARI Ara\u015ft\u0131rmac\u0131 \u0130\u00e7in Genel Kurallar &nbsp; Genel kurallar -Laboratuvar\u0131 kullanan t\u00fcm ara\u015ft\u0131rmac\u0131lar, deneysel iktisat\u00e7\u0131lar taraf\u0131ndan yayg\u0131n olarak kabul edilen [&hellip;]<\/p>\n","protected":false},"author":1,"featured_media":0,"parent":0,"menu_order":0,"comment_status":"closed","ping_status":"closed","template":"","meta":{"_uag_custom_page_level_css":"","footnotes":""},"class_list":["post-211","page","type-page","status-publish","hentry"],"aioseo_notices":[],"uagb_featured_image_src":{"full":false,"thumbnail":false,"medium":false,"medium_large":false,"large":false,"1536x1536":false,"2048x2048":false,"flash-square":false,"flash-big":false,"flash-grid":false},"uagb_author_info":{"display_name":"bidb","author_link":"https:\/\/subel.selcuk.edu.tr\/index.php\/author\/bidb\/"},"uagb_comment_info":0,"uagb_excerpt":"LABORATUVAR KURALLARI Ara\u015ft\u0131rmac\u0131 \u0130\u00e7in Genel Kurallar &nbsp; Genel kurallar -Laboratuvar\u0131 kullanan t\u00fcm ara\u015ft\u0131rmac\u0131lar, deneysel iktisat\u00e7\u0131lar taraf\u0131ndan yayg\u0131n olarak kabul edilen [&hellip;]","_links":{"self":[{"href":"https:\/\/subel.selcuk.edu.tr\/index.php\/wp-json\/wp\/v2\/pages\/211","targetHints":{"allow":["GET"]}}],"collection":[{"href":"https:\/\/subel.selcuk.edu.tr\/index.php\/wp-json\/wp\/v2\/pages"}],"about":[{"href":"https:\/\/subel.selcuk.edu.tr\/index.php\/wp-json\/wp\/v2\/types\/page"}],"author":[{"embeddable":true,"href":"https:\/\/subel.selcuk.edu.tr\/index.php\/wp-json\/wp\/v2\/users\/1"}],"replies":[{"embeddable":true,"href":"https:\/\/subel.selcuk.edu.tr\/index.php\/wp-json\/wp\/v2\/comments?post=211"}],"version-history":[{"count":8,"href":"https:\/\/subel.selcuk.edu.tr\/index.php\/wp-json\/wp\/v2\/pages\/211\/revisions"}],"predecessor-version":[{"id":798,"href":"https:\/\/subel.selcuk.edu.tr\/index.php\/wp-json\/wp\/v2\/pages\/211\/revisions\/798"}],"wp:attachment":[{"href":"https:\/\/subel.selcuk.edu.tr\/index.php\/wp-json\/wp\/v2\/media?parent=211"}],"curies":[{"name":"wp","href":"https:\/\/api.w.org\/{rel}","templated":true}]}}