{"id":209,"date":"2017-01-11T09:08:47","date_gmt":"2017-01-11T09:08:47","guid":{"rendered":"https:\/\/demo.themegrill.com\/flash-default-2\/shop\/"},"modified":"2024-11-29T15:28:05","modified_gmt":"2024-11-29T12:28:05","slug":"davranissal-_ve_deneysel_iktisatta_guncel_gelismeler_calistayi","status":"publish","type":"page","link":"https:\/\/subel.selcuk.edu.tr\/index.php\/davranissal-_ve_deneysel_iktisatta_guncel_gelismeler_calistayi\/","title":{"rendered":"Davran\u0131\u015fsal ve Deneysel \u0130ktisatta G\u00fcncel Geli\u015fmeler \u00c7al\u0131\u015ftay\u0131"},"content":{"rendered":"<p style=\"text-align: left;\">\u00a0 \u00a0Davran\u0131\u015fsal ve Deneysel \u0130ktisatta G\u00fcncel Geli\u015fmeler \u00c7al\u0131\u015ftay\u0131 D\u00fcnya\u2019da ve T\u00fcrkiye\u2019de akademik anlamda ya\u015fanan geli\u015fmeleri ele alarak, gen\u00e7 ara\u015ft\u0131rmac\u0131lar\u0131n \u00e7al\u0131\u015fmalar\u0131n\u0131n bu geli\u015fmelere uygun \u015fekilde ilerlemesine katk\u0131 sa\u011flamay\u0131 ama\u00e7lamaktad\u0131r. Alan\u0131n \u00f6nde gelen akademisyenlerinin davetli konu\u015fmac\u0131 olarak yer alaca\u011f\u0131 bu etkinlikte, gen\u00e7 ara\u015ft\u0131rmac\u0131lar\u0131n Davran\u0131\u015fsal ve Deneysel \u0130ktisat alan\u0131nda sunacaklar\u0131 \u00e7al\u0131\u015fmalar\u0131 bu kapsamda de\u011ferlendirilecektir.<\/p>\n<p style=\"text-align: left;\">\u00a0 \u00a0Etkinlik kapsam\u0131nda, davetli konu\u015fmac\u0131lar D\u00fcnya\u2019da ve T\u00fcrkiye\u2019de s\u00fcrd\u00fcr\u00fclen \u00e7al\u0131\u015fmalar ve kendi \u00e7al\u0131\u015fmalar\u0131 hakk\u0131nda konu\u015fmalar yapacak, gen\u00e7 ara\u015ft\u0131rmac\u0131lar ise alanda y\u00fcr\u00fctt\u00fckleri \u00e7al\u0131\u015fmalar\u0131n\u0131 sunacakt\u0131r. Sunulan \u00e7al\u0131\u015fmalara, literat\u00fcrdeki geli\u015fmeler kapsam\u0131nda de\u011ferlendirilerek katk\u0131 sa\u011flanmas\u0131 beklenmektedir. Etkinlik, Sel\u00e7uk \u00dcniversitesi \u0130ktisadi ve \u0130dari Bilimler Fak\u00fcltesinde yap\u0131lacak olup y\u00fcksek lisans ve doktora \u00f6\u011frencileri ile doktoras\u0131n\u0131 yeni tamamlam\u0131\u015f gen\u00e7 ara\u015ft\u0131rmac\u0131lar\u0131n kat\u0131l\u0131m\u0131 ile 20 Kas\u0131m 2023 tarihinde ger\u00e7ekle\u015ftirilecektir.<\/p>\n<p>&nbsp;<\/p>\n<p><img loading=\"lazy\" decoding=\"async\" class=\" wp-image-1055 aligncenter\" src=\"https:\/\/subel.selcuk.edu.tr\/wp-content\/uploads\/2024\/11\/WhatsApp-Image-2023-11-14-at-15.17.25.jpeg\" alt=\"\" width=\"507\" height=\"406\" \/><\/p>\n<p>&nbsp;<\/p>\n<p>&nbsp;<\/p>\n<p><img loading=\"lazy\" decoding=\"async\" class=\"alignnone wp-image-1059\" src=\"https:\/\/subel.selcuk.edu.tr\/wp-content\/uploads\/2024\/11\/d2e8c65e-ae74-4fe9-83d1-3651c4654d4f.jpg\" alt=\"\" width=\"500\" height=\"333\" \/>\u00a0 \u00a0 \u00a0 \u00a0 \u00a0 \u00a0 \u00a0 \u00a0 \u00a0 \u00a0 \u00a0 \u00a0 \u00a0 \u00a0 \u00a0 \u00a0 \u00a0 \u00a0 \u00a0 \u00a0 \u00a0 \u00a0 \u00a0 \u00a0 \u00a0 \u00a0 \u00a0 <img loading=\"lazy\" decoding=\"async\" class=\"alignnone wp-image-1053\" src=\"https:\/\/subel.selcuk.edu.tr\/wp-content\/uploads\/2024\/11\/fe02e89e-5e8f-428f-990d-4ae56efa77bd.jpg\" alt=\"\" width=\"500\" height=\"333\" \/><\/p>\n<p>&nbsp;<\/p>\n<p>&nbsp;<\/p>\n<p><img loading=\"lazy\" decoding=\"async\" class=\"alignnone wp-image-1058\" src=\"https:\/\/subel.selcuk.edu.tr\/wp-content\/uploads\/2024\/11\/aefb64e1-9b33-46ef-b5c6-73b5c5b0c5ea.jpg\" alt=\"\" width=\"500\" height=\"333\" \/>\u00a0 \u00a0 \u00a0 \u00a0 \u00a0 \u00a0 \u00a0 \u00a0 \u00a0 \u00a0 \u00a0 \u00a0 \u00a0 \u00a0 \u00a0 \u00a0 \u00a0 \u00a0 \u00a0 \u00a0 \u00a0 \u00a0 \u00a0 \u00a0 \u00a0 \u00a0 \u00a0 <img loading=\"lazy\" decoding=\"async\" class=\"alignnone wp-image-1056\" src=\"https:\/\/subel.selcuk.edu.tr\/wp-content\/uploads\/2024\/11\/42dcad7b-57a8-4c44-af06-95ff701d3f0a.jpg\" alt=\"\" width=\"500\" height=\"333\" \/><\/p>\n<p>&nbsp;<\/p>\n<p>&nbsp;<\/p>\n<p><img loading=\"lazy\" decoding=\"async\" class=\"alignnone wp-image-1060\" src=\"https:\/\/subel.selcuk.edu.tr\/wp-content\/uploads\/2024\/11\/fe2ce068-2aed-46f1-8550-1bb5cce07f2b-1.jpg\" alt=\"\" width=\"500\" height=\"333\" \/>\u00a0 \u00a0 \u00a0 \u00a0 \u00a0 \u00a0 \u00a0 \u00a0 \u00a0 \u00a0 \u00a0 \u00a0 \u00a0 \u00a0 \u00a0 \u00a0 \u00a0 \u00a0 \u00a0 \u00a0 \u00a0 \u00a0 \u00a0 \u00a0 \u00a0 \u00a0 \u00a0<img loading=\"lazy\" decoding=\"async\" class=\"alignnone wp-image-1057\" src=\"https:\/\/subel.selcuk.edu.tr\/wp-content\/uploads\/2024\/11\/a0ae70f2-bf5e-4739-8c45-6b82ca14d0c6.jpg\" alt=\"\" width=\"500\" height=\"333\" \/><\/p>\n<p>&nbsp;<\/p>\n","protected":false},"excerpt":{"rendered":"<p>\u00a0 \u00a0Davran\u0131\u015fsal ve Deneysel \u0130ktisatta G\u00fcncel Geli\u015fmeler \u00c7al\u0131\u015ftay\u0131 D\u00fcnya\u2019da ve T\u00fcrkiye\u2019de akademik anlamda ya\u015fanan geli\u015fmeleri ele alarak, gen\u00e7 ara\u015ft\u0131rmac\u0131lar\u0131n \u00e7al\u0131\u015fmalar\u0131n\u0131n [&hellip;]<\/p>\n","protected":false},"author":1,"featured_media":0,"parent":0,"menu_order":0,"comment_status":"closed","ping_status":"closed","template":"page-templates\/pagebuilder.php","meta":{"_uag_custom_page_level_css":"","footnotes":""},"class_list":["post-209","page","type-page","status-publish","hentry"],"aioseo_notices":[],"uagb_featured_image_src":{"full":false,"thumbnail":false,"medium":false,"medium_large":false,"large":false,"1536x1536":false,"2048x2048":false,"flash-square":false,"flash-big":false,"flash-grid":false},"uagb_author_info":{"display_name":"bidb","author_link":"https:\/\/subel.selcuk.edu.tr\/index.php\/author\/bidb\/"},"uagb_comment_info":0,"uagb_excerpt":"\u00a0 \u00a0Davran\u0131\u015fsal ve Deneysel \u0130ktisatta G\u00fcncel Geli\u015fmeler \u00c7al\u0131\u015ftay\u0131 D\u00fcnya\u2019da ve T\u00fcrkiye\u2019de akademik anlamda ya\u015fanan geli\u015fmeleri ele alarak, gen\u00e7 ara\u015ft\u0131rmac\u0131lar\u0131n \u00e7al\u0131\u015fmalar\u0131n\u0131n [&hellip;]","_links":{"self":[{"href":"https:\/\/subel.selcuk.edu.tr\/index.php\/wp-json\/wp\/v2\/pages\/209","targetHints":{"allow":["GET"]}}],"collection":[{"href":"https:\/\/subel.selcuk.edu.tr\/index.php\/wp-json\/wp\/v2\/pages"}],"about":[{"href":"https:\/\/subel.selcuk.edu.tr\/index.php\/wp-json\/wp\/v2\/types\/page"}],"author":[{"embeddable":true,"href":"https:\/\/subel.selcuk.edu.tr\/index.php\/wp-json\/wp\/v2\/users\/1"}],"replies":[{"embeddable":true,"href":"https:\/\/subel.selcuk.edu.tr\/index.php\/wp-json\/wp\/v2\/comments?post=209"}],"version-history":[{"count":18,"href":"https:\/\/subel.selcuk.edu.tr\/index.php\/wp-json\/wp\/v2\/pages\/209\/revisions"}],"predecessor-version":[{"id":1067,"href":"https:\/\/subel.selcuk.edu.tr\/index.php\/wp-json\/wp\/v2\/pages\/209\/revisions\/1067"}],"wp:attachment":[{"href":"https:\/\/subel.selcuk.edu.tr\/index.php\/wp-json\/wp\/v2\/media?parent=209"}],"curies":[{"name":"wp","href":"https:\/\/api.w.org\/{rel}","templated":true}]}}