{"id":2,"date":"2023-03-08T15:25:02","date_gmt":"2023-03-08T12:25:02","guid":{"rendered":"https:\/\/subel.selcuk.edu.tr\/?page_id=2"},"modified":"2023-12-05T14:02:44","modified_gmt":"2023-12-05T11:02:44","slug":"subel","status":"publish","type":"page","link":"https:\/\/subel.selcuk.edu.tr\/index.php\/subel\/","title":{"rendered":"SUBEL"},"content":{"rendered":"\r\n<p>Laboratuvar\u0131m\u0131z Sel\u00e7uk \u00dcniversitesi yerle\u015fkesinde bulunan \u0130\u0130BF binas\u0131nda bulunmaktad\u0131r. Bir sunucu ve 24 bilgisayardan olu\u015fan bir bilgisayar a\u011f\u0131na sahiptir. Ana bilgisayar d\u0131\u015f\u0131ndaki t\u00fcm bilgisayarlar ayn\u0131 h\u0131z ve konfig\u00fcrasyona sahiptir. Ana bilgisayar di\u011fer bilgisayarlardan farkl\u0131 bir yerde bulunur ve di\u011ferlerinden bir ad\u0131m \u00f6ndedir. Bilgisayarlar aras\u0131nda ay\u0131r\u0131c\u0131lar vard\u0131r. T\u00fcm bilgisayarlarda kontroll\u00fc deneylerin y\u00fcr\u00fct\u00fclmesi i\u00e7in gerekli bilgisayar programlar\u0131 kuruludur. Laboratuar\u0131m\u0131z\u0131n deneyler i\u00e7in teknik yeterlili\u011fi, Sel\u00e7uk \u00dcniversitesi Bilgi \u0130\u015flem Daire Ba\u015fkanl\u0131\u011f\u0131&#8217;n\u0131n ve \u0130\u0130BF Teknik Servis biriminin s\u00fcrekli deste\u011fi ile sa\u011flanmaktad\u0131r.<\/p>\r\n<p>Deneysel y\u00f6ntemler, 1930lu y\u0131llardan beri \u00e7e\u015fitli ara\u015ft\u0131rmalar i\u00e7in kullan\u0131lmakta olup\u00a0 g\u00fcn\u00fcm\u00fczde bilgisayar \u00fczerinde ve hatta internet temelli olarak da uygulanmaktad\u0131r. \u00a0Laboratuar\u0131n temel amac\u0131 iktisadi, idari ve sosyal bilimleri ilgilendiren konular\u0131 ara\u015ft\u0131rmak i\u00e7in bilgisayar ortam\u0131nda deneylerin yap\u0131labilece\u011fii bir ortam sa\u011flamakt\u0131r. Bu deneylerde, insanlar\u0131n veya kurumlar\u0131n kar\u015f\u0131la\u015fabilecekleri ve karar vermeleri gereken baz\u0131 durumlar, senaryolar \u015feklinde verilip, bu durumlarda kat\u0131l\u0131mc\u0131lar\u0131n ne karar verdikleri sorgulan\u0131r.\u00a0 Bu sorular, ki\u015filerin karar verdikleri ortam ger\u00e7e\u011fe en yak\u0131n olacak \u015fekilde tasarlan\u0131p, bilgisayar yaz\u0131l\u0131mlar\u0131 yard\u0131m\u0131yla olu\u015fturulur ve verilen cevaplar kaydedilir. Bu y\u00f6ntemi, ger\u00e7ek hayatta karar vermeniz gereken durumlar\u0131n bir imitasyonu veya bilgisayar oyunu hali gibi d\u00fc\u015f\u00fcnebilirsiniz. Bu do\u011frultuda, ara\u015ft\u0131rmac\u0131 mevcut bir teorinin \u00a0i\u015fleyip i\u015flemedi\u011fini, bir karar\/piyasa mekanizmas\u0131n\u0131n hangi ko\u015fullarda ge\u00e7erli olaca\u011f\u0131n\u0131 test edebilmektedir.<\/p>\r\n<p>Bu y\u00f6ntemin kullan\u0131ld\u0131\u011f\u0131 alanlardan baz\u0131lar\u0131:<\/p>\r\n<ul>\r\n<li>Oyun Teorisi<\/li>\r\n<li>\u0130ktisatta ve \u0130\u015fletmede T\u00fcketici \u00a0ve Y\u00f6netici Davran\u0131\u015f\u0131\/Alg\u0131s\u0131<\/li>\r\n<li>Pazarlama<\/li>\r\n<li>Finansal Piyasalar<\/li>\r\n<li>Piyasa Mekanizmalar\u0131<\/li>\r\n<li>D\u0131\u015f Politika Analizi<\/li>\r\n<li>Kriz ve \u00c7at\u0131\u015fma Y\u00f6netimi ve Karar alma<\/li>\r\n<li>Kamuoyu \u00c7al\u0131\u015fmalar\u0131, Oy verme<\/li>\r\n<li>Farkl\u0131 Kamu Politikalar\u0131 i\u00e7in Tutum ve Davran\u0131\u015f \u00c7al\u0131\u015fmalar\u0131<\/li>\r\n<li>Riskli ve Belirsiz Ortamlarda Karar Alma<\/li>\r\n<li>Kamu Mal\u0131 \u00c7al\u0131\u015fmalar\u0131<\/li>\r\n<li>Finansal Davran\u0131\u015f \u00c7al\u0131\u015fmalar\u0131<\/li>\r\n<li>Makroiktisat- Para\/Maliye Politikalar\u0131<\/li>\r\n<li>Yarg\u0131sal Tahminler<\/li>\r\n<li>Davran\u0131\u015fsal Y\u00f6neylem Modelleri<\/li>\r\n<li>Enerji Kullan\u0131m\u0131 ve Politikalar\u0131<\/li>\r\n<li>\u00d6rg\u00fct Davran\u0131\u015f\u0131\/Motivasyon<\/li>\r\n<\/ul>\r\n","protected":false},"excerpt":{"rendered":"<p>Laboratuvar\u0131m\u0131z Sel\u00e7uk \u00dcniversitesi yerle\u015fkesinde bulunan \u0130\u0130BF binas\u0131nda bulunmaktad\u0131r. Bir sunucu ve 24 bilgisayardan olu\u015fan bir bilgisayar a\u011f\u0131na sahiptir. Ana bilgisayar [&hellip;]<\/p>\n","protected":false},"author":1,"featured_media":0,"parent":0,"menu_order":0,"comment_status":"closed","ping_status":"open","template":"","meta":{"_uag_custom_page_level_css":"","footnotes":""},"class_list":["post-2","page","type-page","status-publish","hentry"],"aioseo_notices":[],"uagb_featured_image_src":{"full":false,"thumbnail":false,"medium":false,"medium_large":false,"large":false,"1536x1536":false,"2048x2048":false,"flash-square":false,"flash-big":false,"flash-grid":false},"uagb_author_info":{"display_name":"bidb","author_link":"https:\/\/subel.selcuk.edu.tr\/index.php\/author\/bidb\/"},"uagb_comment_info":0,"uagb_excerpt":"Laboratuvar\u0131m\u0131z Sel\u00e7uk \u00dcniversitesi yerle\u015fkesinde bulunan \u0130\u0130BF binas\u0131nda bulunmaktad\u0131r. Bir sunucu ve 24 bilgisayardan olu\u015fan bir bilgisayar a\u011f\u0131na sahiptir. Ana bilgisayar [&hellip;]","_links":{"self":[{"href":"https:\/\/subel.selcuk.edu.tr\/index.php\/wp-json\/wp\/v2\/pages\/2","targetHints":{"allow":["GET"]}}],"collection":[{"href":"https:\/\/subel.selcuk.edu.tr\/index.php\/wp-json\/wp\/v2\/pages"}],"about":[{"href":"https:\/\/subel.selcuk.edu.tr\/index.php\/wp-json\/wp\/v2\/types\/page"}],"author":[{"embeddable":true,"href":"https:\/\/subel.selcuk.edu.tr\/index.php\/wp-json\/wp\/v2\/users\/1"}],"replies":[{"embeddable":true,"href":"https:\/\/subel.selcuk.edu.tr\/index.php\/wp-json\/wp\/v2\/comments?post=2"}],"version-history":[{"count":3,"href":"https:\/\/subel.selcuk.edu.tr\/index.php\/wp-json\/wp\/v2\/pages\/2\/revisions"}],"predecessor-version":[{"id":987,"href":"https:\/\/subel.selcuk.edu.tr\/index.php\/wp-json\/wp\/v2\/pages\/2\/revisions\/987"}],"wp:attachment":[{"href":"https:\/\/subel.selcuk.edu.tr\/index.php\/wp-json\/wp\/v2\/media?parent=2"}],"curies":[{"name":"wp","href":"https:\/\/api.w.org\/{rel}","templated":true}]}}