{"id":12,"date":"2017-01-02T08:30:09","date_gmt":"2017-01-02T08:30:09","guid":{"rendered":"https:\/\/demo.themegrill.com\/flash-default-2\/?page_id=12"},"modified":"2023-05-23T17:07:39","modified_gmt":"2023-05-23T14:07:39","slug":"iletisim","status":"publish","type":"page","link":"https:\/\/subel.selcuk.edu.tr\/index.php\/iletisim\/","title":{"rendered":"\u0130leti\u015fim"},"content":{"rendered":"<div class=\"everest-forms\"><div class=\"evf-container default\" id=\"evf-472\"><form id=\"evf-form-472\" class=\"everest-form\" data-formid=\"472\" data-ajax_submission=\"0\" data-keyboard_friendly_form=\"0\" data-form_state_type=\"\" method=\"post\" enctype=\"multipart\/form-data\" action=\"\/index.php\/wp-json\/wp\/v2\/pages\/12\"><div class=\"evf-field-container\"><input type=\"hidden\" id=\"_wpnonce472\" name=\"_wpnonce472\" value=\"fb1aeb8bf9\" \/><input type=\"hidden\" name=\"_wp_http_referer\" value=\"\/index.php\/wp-json\/wp\/v2\/pages\/12\" \/><div class=\"evf-frontend-row\" data-row=\"row_1\" conditional_rules=\"[]\"><div class=\"evf-frontend-grid evf-grid-1\" data-grid=\"grid_1\"><div id=\"evf-472-field_lVizlNhYus-1-container\" class=\"evf-field evf-field-text form-row validate-required\" data-required-field-message=\"Bu alan zorunludur.\" data-field-id=\"lVizlNhYus-1\"><label class=\"evf-field-label\" for=\"evf-472-field_lVizlNhYus-1\"><span class=\"evf-label\">\u0130sim<\/span> <abbr class=\"required\" title=\"Required\">*<\/abbr><\/label><input type=\"text\" id=\"evf-472-field_lVizlNhYus-1\" class=\"input-text\" name=\"everest_forms[form_fields][lVizlNhYus-1]\" required><\/div><div id=\"evf-472-field_XYnMdkQDKM-3-container\" class=\"evf-field evf-field-email form-row validate-required validate-email\" data-required-field-message=\"L\u00fctfen ge\u00e7erli bir e-posta adresi yaz\u0131n\u0131z.\" data-field-id=\"XYnMdkQDKM-3\"><label class=\"evf-field-label\" for=\"evf-472-field_XYnMdkQDKM-3\"><span class=\"evf-label\">E-posta<\/span> <abbr class=\"required\" title=\"Required\">*<\/abbr><\/label><input type=\"email\" id=\"evf-472-field_XYnMdkQDKM-3\" class=\"input-text\" name=\"everest_forms[form_fields][XYnMdkQDKM-3]\" required ><\/div><div id=\"evf-472-field_ACZssjRm1M-1-container\" class=\"evf-field evf-field-text form-row\" data-field-id=\"ACZssjRm1M-1\"><label class=\"evf-field-label\" for=\"evf-472-field_ACZssjRm1M-1\"><span class=\"evf-label\">Telefon (Bu alan iste\u011fe ba\u011fl\u0131d\u0131r.)<\/span> <\/label><input type=\"text\" id=\"evf-472-field_ACZssjRm1M-1\" class=\"input-text\" name=\"everest_forms[form_fields][ACZssjRm1M-1]\" ><\/div><div id=\"evf-472-field_xJivsqAS2c-2-container\" class=\"evf-field evf-field-text form-row validate-required\" data-required-field-message=\"Bu alan zorunludur.\" data-field-id=\"xJivsqAS2c-2\"><label class=\"evf-field-label\" for=\"evf-472-field_xJivsqAS2c-2\"><span class=\"evf-label\">Konu<\/span> <abbr class=\"required\" title=\"Required\">*<\/abbr><\/label><input type=\"text\" id=\"evf-472-field_xJivsqAS2c-2\" class=\"input-text\" name=\"everest_forms[form_fields][xJivsqAS2c-2]\" required><\/div><div id=\"evf-472-field_YalaPcQ0DO-4-container\" class=\"evf-field evf-field-textarea form-row validate-required\" data-required-field-message=\"Bu alan zorunludur.\" data-field-id=\"YalaPcQ0DO-4\"><label class=\"evf-field-label\" for=\"evf-472-field_YalaPcQ0DO-4\"><span class=\"evf-label\">Mesaj<\/span> <abbr class=\"required\" title=\"Required\">*<\/abbr><\/label><textarea id=\"evf-472-field_YalaPcQ0DO-4\" class=\"input-text\" name=\"everest_forms[form_fields][YalaPcQ0DO-4]\" required ><\/textarea><\/div><\/div><\/div><\/div><div class=\"evf-honeypot-container evf-field-hp\"><label for=\"evf-472-field-hp\" class=\"evf-field-label\">Message<\/label><input type=\"text\" name=\"everest_forms[hp]\" id=\"evf-472-field-hp\" class=\"input-text\"><\/div><div class=\"evf-submit-container \" ><input type=\"hidden\" name=\"everest_forms[id]\" value=\"472\"><input type=\"hidden\" name=\"everest_forms[author]\" value=\"1\"><button type='submit' name='everest_forms[submit]' class='everest-forms-submit-button button evf-submit ' id='evf-submit-472' value='evf-submit' data-process-text=\"G\u00f6nderiliyor, l\u00fctfen bekleyin\u2026\" conditional_rules='&quot;&quot;' conditional_id='evf-submit-472'  id=\"evf-submit-472\" aria-live=\"assertive\">G\u00f6nder<\/button><\/div><\/form><\/div><!-- .evf-container --><\/div>\n<p>E-posta: subel@selcuk.edu.tr<\/p>\n","protected":false},"excerpt":{"rendered":"<p>E-posta: subel@selcuk.edu.tr<\/p>\n","protected":false},"author":1,"featured_media":0,"parent":0,"menu_order":0,"comment_status":"closed","ping_status":"closed","template":"","meta":{"_uag_custom_page_level_css":"","footnotes":""},"class_list":["post-12","page","type-page","status-publish","hentry"],"aioseo_notices":[],"uagb_featured_image_src":{"full":false,"thumbnail":false,"medium":false,"medium_large":false,"large":false,"1536x1536":false,"2048x2048":false,"flash-square":false,"flash-big":false,"flash-grid":false},"uagb_author_info":{"display_name":"bidb","author_link":"https:\/\/subel.selcuk.edu.tr\/index.php\/author\/bidb\/"},"uagb_comment_info":0,"uagb_excerpt":"E-posta: subel@selcuk.edu.tr","_links":{"self":[{"href":"https:\/\/subel.selcuk.edu.tr\/index.php\/wp-json\/wp\/v2\/pages\/12","targetHints":{"allow":["GET"]}}],"collection":[{"href":"https:\/\/subel.selcuk.edu.tr\/index.php\/wp-json\/wp\/v2\/pages"}],"about":[{"href":"https:\/\/subel.selcuk.edu.tr\/index.php\/wp-json\/wp\/v2\/types\/page"}],"author":[{"embeddable":true,"href":"https:\/\/subel.selcuk.edu.tr\/index.php\/wp-json\/wp\/v2\/users\/1"}],"replies":[{"embeddable":true,"href":"https:\/\/subel.selcuk.edu.tr\/index.php\/wp-json\/wp\/v2\/comments?post=12"}],"version-history":[{"count":2,"href":"https:\/\/subel.selcuk.edu.tr\/index.php\/wp-json\/wp\/v2\/pages\/12\/revisions"}],"predecessor-version":[{"id":801,"href":"https:\/\/subel.selcuk.edu.tr\/index.php\/wp-json\/wp\/v2\/pages\/12\/revisions\/801"}],"wp:attachment":[{"href":"https:\/\/subel.selcuk.edu.tr\/index.php\/wp-json\/wp\/v2\/media?parent=12"}],"curies":[{"name":"wp","href":"https:\/\/api.w.org\/{rel}","templated":true}]}}