{"id":1110,"date":"2024-12-19T13:30:01","date_gmt":"2024-12-19T10:30:01","guid":{"rendered":"https:\/\/subel.selcuk.edu.tr\/?page_id=1110"},"modified":"2024-12-25T11:40:38","modified_gmt":"2024-12-25T08:40:38","slug":"onay-formu","status":"publish","type":"page","link":"https:\/\/subel.selcuk.edu.tr\/index.php\/onay-formu\/","title":{"rendered":"Onay Formu"},"content":{"rendered":"<p>Onay formunu a\u015fa\u011f\u0131dan indirip doldurabilirsiniz.<\/p>\n<p><a href=\"https:\/\/subel.selcuk.edu.tr\/wp-content\/uploads\/2024\/12\/Onay-formu.docx\">Onay formu<\/a><\/p>\n<p>&nbsp;<\/p>\n","protected":false},"excerpt":{"rendered":"<p>Onay formunu a\u015fa\u011f\u0131dan indirip doldurabilirsiniz. Onay formu &nbsp;<\/p>\n","protected":false},"author":2,"featured_media":0,"parent":0,"menu_order":0,"comment_status":"closed","ping_status":"closed","template":"","meta":{"_uag_custom_page_level_css":"","footnotes":""},"class_list":["post-1110","page","type-page","status-publish","hentry"],"aioseo_notices":[],"uagb_featured_image_src":{"full":false,"thumbnail":false,"medium":false,"medium_large":false,"large":false,"1536x1536":false,"2048x2048":false,"flash-square":false,"flash-big":false,"flash-grid":false},"uagb_author_info":{"display_name":"Mustafa TEK","author_link":"https:\/\/subel.selcuk.edu.tr\/index.php\/author\/ars_gor_mustafa_tek\/"},"uagb_comment_info":0,"uagb_excerpt":"Onay formunu a\u015fa\u011f\u0131dan indirip doldurabilirsiniz. Onay formu &nbsp;","_links":{"self":[{"href":"https:\/\/subel.selcuk.edu.tr\/index.php\/wp-json\/wp\/v2\/pages\/1110","targetHints":{"allow":["GET"]}}],"collection":[{"href":"https:\/\/subel.selcuk.edu.tr\/index.php\/wp-json\/wp\/v2\/pages"}],"about":[{"href":"https:\/\/subel.selcuk.edu.tr\/index.php\/wp-json\/wp\/v2\/types\/page"}],"author":[{"embeddable":true,"href":"https:\/\/subel.selcuk.edu.tr\/index.php\/wp-json\/wp\/v2\/users\/2"}],"replies":[{"embeddable":true,"href":"https:\/\/subel.selcuk.edu.tr\/index.php\/wp-json\/wp\/v2\/comments?post=1110"}],"version-history":[{"count":3,"href":"https:\/\/subel.selcuk.edu.tr\/index.php\/wp-json\/wp\/v2\/pages\/1110\/revisions"}],"predecessor-version":[{"id":1142,"href":"https:\/\/subel.selcuk.edu.tr\/index.php\/wp-json\/wp\/v2\/pages\/1110\/revisions\/1142"}],"wp:attachment":[{"href":"https:\/\/subel.selcuk.edu.tr\/index.php\/wp-json\/wp\/v2\/media?parent=1110"}],"curies":[{"name":"wp","href":"https:\/\/api.w.org\/{rel}","templated":true}]}}