{"id":1105,"date":"2024-12-19T13:22:50","date_gmt":"2024-12-19T10:22:50","guid":{"rendered":"https:\/\/subel.selcuk.edu.tr\/?page_id=1105"},"modified":"2025-11-27T22:50:58","modified_gmt":"2025-11-27T19:50:58","slug":"deney-nasil-yapilir","status":"publish","type":"page","link":"https:\/\/subel.selcuk.edu.tr\/index.php\/deney-nasil-yapilir\/","title":{"rendered":"Deney Nas\u0131l Yap\u0131l\u0131r"},"content":{"rendered":"<p style=\"text-align: center;\"><strong>SUBEL\u2019DE B\u0130R DENEY NASIL Y\u00dcR\u00dcT\u00dcL\u00dcR?<\/strong><\/p>\n<p>&nbsp;<\/p>\n<ol>\n<li><strong> Laboratuvar kurallar\u0131n\u0131 dikkatlice okuyun.<\/strong><\/li>\n<li><strong> Deneyi \u00f6nceden programlay\u0131n ve test edin.<\/strong><\/li>\n<li><strong> Deneyinizin talimatlar\u0131n\u0131 planlanan tarihten en az 1 hafta \u00f6nce laboratuvar y\u00f6neticilerine g\u00f6nderin.<\/strong><\/li>\n<\/ol>\n<p><a href=\"mailto:mtek@selcuk.edu.tr\">mtek@selcuk.edu.tr<\/a>\u00a0 \u00a0 \u00a0 \u00a0<a href=\"mailto:eboztas@selcuk.edu.tr\">eboztas@selcuk.edu.tr<\/a><\/p>\n<p>Laboratuvarda deney yap\u0131labilmesi i\u00e7in kurallara uyulmal\u0131 ve laboratuvar y\u00f6neticilerinin onay\u0131 al\u0131nmal\u0131d\u0131r.<\/p>\n<ol start=\"4\">\n<li><strong> Laboratuvarda zaman dilimleri nas\u0131l rezerve edilir:<\/strong><\/li>\n<\/ol>\n<p>&#8211; Rezervasyon formunu ve oturum planlamas\u0131 ve davet prosed\u00fcr\u00fc ile ilgili talebi ara\u015ft\u0131rma g\u00f6revlilerine g\u00f6nderin. \u2192 <a href=\"mailto:subel@selcuk.edu.tr\">subel@selcuk.edu.tr<\/a><\/p>\n<p>&#8211; Rezervasyon formunu g\u00f6ndermeden \u00f6nce yaz\u0131l\u0131m\u0131 laboratuvarda test etmeniz tavsiye edilir!<\/p>\n<p>&#8211; Rezervasyon formu ayr\u0131ca planlanan tarihten en az 1 hafta \u00f6nce g\u00f6nderilmelidir. \u2192 rezervasyon formu<\/p>\n<ol start=\"5\">\n<li><strong> Ara\u015ft\u0131rma asistanlar\u0131 ile anla\u015fma &#8211; deneyden birka\u00e7 g\u00fcn \u00f6nce<\/strong><\/li>\n<\/ol>\n<p>&#8211; Varsa, bir deneye genel bak\u0131\u015f olu\u015fturun.<\/p>\n<p>&#8211; Varsa, laboratuvarda deney d\u00fczene\u011fini test edin.<\/p>\n<p>&#8211; Varsa, davet prosed\u00fcr\u00fcn\u00fc tart\u0131\u015f\u0131n.<\/p>\n<p>&#8211; Ara\u015ft\u0131rma asistanlar\u0131na hangi makbuzun kullan\u0131lmas\u0131 gerekti\u011fini s\u00f6yleyin.<\/p>\n<p>&#8211; Yazd\u0131rma i\u00e7in ara\u015ft\u0131rma g\u00f6revlilerine talimatlar\u0131 g\u00f6nderin.<\/p>\n<ol start=\"6\">\n<li><strong> \u00d6deme<\/strong><\/li>\n<\/ol>\n<p>&#8211; Kat\u0131l\u0131mc\u0131lar\u0131n \u00f6demelerini genellikle ara\u015ft\u0131rma g\u00f6revlileri yapmaktad\u0131r.<\/p>\n<p>&#8211; Kalan paray\u0131 kontrol edin! Eksik tutarlar iade edilemez!<\/p>\n<ol start=\"7\">\n<li><strong> Deneyden sonra<\/strong><\/li>\n<\/ol>\n<p>&#8211; Laboratuvar bulundu\u011fu gibi b\u0131rak\u0131lmal\u0131d\u0131r, yani taray\u0131c\u0131n\u0131n ba\u015flang\u0131\u00e7 sayfas\u0131 de\u011fi\u015ftirildiyse, tu\u015flar manip\u00fcle edildiyse vb. bu de\u011fi\u015fiklikleri geri al\u0131n.<\/p>\n<p>&#8211; L\u00fctfen ge\u00e7ici olarak saklanan verileri silin ve verilerinizi kaydedin.<\/p>\n<p>&#8211; Yedekleme yap\u0131lmad\u0131\u011f\u0131 i\u00e7in verileri s\u00fcr\u00fcc\u00fcde saklamay\u0131n.<\/p>\n<p>&#8211; Deney talimatlar\u0131 izin veriyorsa, \u00f6deme yap\u0131lmal\u0131 ve l\u00fctfen kat\u0131l\u0131mc\u0131lar\u0131n bireysel olarak girmelerini sa\u011flay\u0131n.<\/p>\n<p><strong>\u00a0 \u00a0 \u00a0 \u00a0 \u00a0 \u00a0 \u00a0 \u00a0 \u00a0 \u00a0 &#8211; z-Tree<\/strong><\/p>\n<p>Fischbacher, Urs. 2007. z-Tree: Zurich Toolbox for Ready-Made Economic Experiments. <em>Experimental Economics<\/em>, 10(2): 171\u2013178.<\/p>\n<p><strong>\u00a0 \u00a0 \u00a0 \u00a0 \u00a0 \u00a0 \u00a0 \u00a0 \u00a0 \u00a0 &#8211; o-Tree<\/strong><\/p>\n<p>Daniel L. Chen, Martin Schonger, Chris Wickens. 2016. oTree \u2013 An Open-source Platform for Laboratory, Online, and Field Experiments. <em>Journal of Behavioral and Experimental \u00a0 \u00a0 \u00a0 \u00a0 \u00a0 \u00a0 \u00a0 \u00a0 \u00a0 \u00a0 \u00a0 \u00a0 \u00a0 \u00a0 \u00a0 Finance<\/em>, 9: 88\u201397.<\/p>\n<p>&#8211; Makalenizde deneylerin Sel\u00e7uk \u00dcniversitesi \u0130\u0130BF Deney Laboratuvar\u0131nda yap\u0131ld\u0131\u011f\u0131n\u0131 belirtebilirsiniz.<\/p>\n<ol start=\"9\">\n<li><strong>L\u00fctfen laboratuvar\u0131n reklam\u0131n\u0131 yap\u0131n, size memnuniyetle bir \u00f6rnek metin verece\u011fiz.<\/strong><\/li>\n<\/ol>\n<p>&nbsp;<\/p>\n<p>\u00d6nemli bilgiler:<\/p>\n<p>Laboratuvar sorumlular\u0131:<\/p>\n<p>Mustafa TEK <a href=\"mailto:mtek@selcuk.edu.tr\">mtek@selcuk.edu.tr<\/a><\/p>\n<p>Lab mail adresi: <a href=\"mailto:subel@selcuk.edu.tr\">subel@selcuk.edu.tr<\/a><\/p>\n","protected":false},"excerpt":{"rendered":"<p>SUBEL\u2019DE B\u0130R DENEY NASIL Y\u00dcR\u00dcT\u00dcL\u00dcR? &nbsp; Laboratuvar kurallar\u0131n\u0131 dikkatlice okuyun. Deneyi \u00f6nceden programlay\u0131n ve test edin. Deneyinizin talimatlar\u0131n\u0131 planlanan tarihten [&hellip;]<\/p>\n","protected":false},"author":2,"featured_media":0,"parent":0,"menu_order":0,"comment_status":"closed","ping_status":"closed","template":"","meta":{"_uag_custom_page_level_css":"","footnotes":""},"class_list":["post-1105","page","type-page","status-publish","hentry"],"aioseo_notices":[],"uagb_featured_image_src":{"full":false,"thumbnail":false,"medium":false,"medium_large":false,"large":false,"1536x1536":false,"2048x2048":false,"flash-square":false,"flash-big":false,"flash-grid":false},"uagb_author_info":{"display_name":"Mustafa TEK","author_link":"https:\/\/subel.selcuk.edu.tr\/index.php\/author\/ars_gor_mustafa_tek\/"},"uagb_comment_info":0,"uagb_excerpt":"SUBEL\u2019DE B\u0130R DENEY NASIL Y\u00dcR\u00dcT\u00dcL\u00dcR? &nbsp; Laboratuvar kurallar\u0131n\u0131 dikkatlice okuyun. Deneyi \u00f6nceden programlay\u0131n ve test edin. Deneyinizin talimatlar\u0131n\u0131 planlanan tarihten [&hellip;]","_links":{"self":[{"href":"https:\/\/subel.selcuk.edu.tr\/index.php\/wp-json\/wp\/v2\/pages\/1105","targetHints":{"allow":["GET"]}}],"collection":[{"href":"https:\/\/subel.selcuk.edu.tr\/index.php\/wp-json\/wp\/v2\/pages"}],"about":[{"href":"https:\/\/subel.selcuk.edu.tr\/index.php\/wp-json\/wp\/v2\/types\/page"}],"author":[{"embeddable":true,"href":"https:\/\/subel.selcuk.edu.tr\/index.php\/wp-json\/wp\/v2\/users\/2"}],"replies":[{"embeddable":true,"href":"https:\/\/subel.selcuk.edu.tr\/index.php\/wp-json\/wp\/v2\/comments?post=1105"}],"version-history":[{"count":6,"href":"https:\/\/subel.selcuk.edu.tr\/index.php\/wp-json\/wp\/v2\/pages\/1105\/revisions"}],"predecessor-version":[{"id":1107,"href":"https:\/\/subel.selcuk.edu.tr\/index.php\/wp-json\/wp\/v2\/pages\/1105\/revisions\/1107"}],"wp:attachment":[{"href":"https:\/\/subel.selcuk.edu.tr\/index.php\/wp-json\/wp\/v2\/media?parent=1105"}],"curies":[{"name":"wp","href":"https:\/\/api.w.org\/{rel}","templated":true}]}}